{"id":1047,"date":"2022-02-20T11:00:34","date_gmt":"2022-02-20T10:00:34","guid":{"rendered":"https:\/\/www.hexen-schule.at\/?page_id=1047"},"modified":"2022-02-20T19:22:15","modified_gmt":"2022-02-20T18:22:15","slug":"individualausbildung","status":"publish","type":"page","link":"https:\/\/www.hexen-schule.at\/en\/individualausbildung\/","title":{"rendered":"Individualausbildung"},"content":{"rendered":"<h2>Privatmodule f\u00fcr dich alleine:<\/h2>\n<p>&nbsp;<\/p>\n<p><img loading=\"lazy\" decoding=\"async\" class=\"wp-image-1051 alignright\" src=\"https:\/\/www.hexen-schule.at\/wp-content\/uploads\/2022\/02\/virtual-learning-1.jpg\" alt=\"\" width=\"523\" height=\"348\" srcset=\"https:\/\/www.hexen-schule.at\/wp-content\/uploads\/2022\/02\/virtual-learning-1.jpg 1920w, https:\/\/www.hexen-schule.at\/wp-content\/uploads\/2022\/02\/virtual-learning-1-300x200.jpg 300w, https:\/\/www.hexen-schule.at\/wp-content\/uploads\/2022\/02\/virtual-learning-1-1024x681.jpg 1024w, https:\/\/www.hexen-schule.at\/wp-content\/uploads\/2022\/02\/virtual-learning-1-768x511.jpg 768w, https:\/\/www.hexen-schule.at\/wp-content\/uploads\/2022\/02\/virtual-learning-1-1536x1022.jpg 1536w, https:\/\/www.hexen-schule.at\/wp-content\/uploads\/2022\/02\/virtual-learning-1-150x100.jpg 150w\" sizes=\"auto, (max-width: 523px) 100vw, 523px\" \/>Seit 2022 bietet die Hexenschule das erste Modul als individuellen Einzelkurs an, der jederzeit begonnen werden kann und w\u00e4hrend dem die\/der Studierende w\u00f6chentlich via Live-Meeting online gecoacht wird.<\/p>\n<p>Der Kursbeginn wird bei dieser Schulungsvariante individuell festgelegt.<\/p>\n<p>Ab Schulungsbeginn erh\u00e4lt die\/der TeilnehmerIn w\u00f6chentliche Aufgaben und \u00dcbungen als Artikel, Handouts, Videos etc.<br \/>\nEinmal w\u00f6chentlich trifft sich die\/der KursteilnehmerIn zu einem 30-min\u00fctigen Onlinemeeting in einer privaten Videokonferenz, um Aufgaben und \u00dcbungen zu besprechen, eventuelle Probleme zu diskutieren und Erfahrungen und Fragen zu stellen.<br \/>\nDie Termine der Konferenzen werden individuell festgelegt.<\/p>\n<p>Das Modul endet mit einer schriftlichen Pr\u00fcfung, die als Teilpr\u00fcfung zur Erlangung des Venefica-Zertifikates gilt und mit einer Kursbest\u00e4tigung ausgezeichnet wird.<\/p>\n<p>Das Privatmodul von <strong>Modul 1<\/strong> kostet <strong>790,-<\/strong><\/p>\n<p>&nbsp;<\/p>\n<p><b>Das Privatmodul umfasst: <\/b><\/p>\n<ul>\n<li>S\u00e4mtliche Kursunterlagen<\/li>\n<li>Die Coachings via Videokonferenz<\/li>\n<li>Die Pr\u00fcfung<\/li>\n<li>Zugang zum virtuellen Klassenzimmer, dem Witchbook, f\u00fcr die Dauer des Onlinekurses + 2 Monate<\/li>\n<\/ul>\n<p>&nbsp;<\/p>\n<h2>Ablauf:<\/h2>\n<p>&nbsp;<\/p>\n<p>Die Privatmodule finden ausschlie\u00dflich online statt und starten zu individuell vereinbarten Terminen jeweils an einem Samstag. Ab Kursstart l\u00e4uft das Modul jeweils \u00fcber vier Wochen. Nach einem vierw\u00f6chigen Block findet eine Pausenwoche statt (Ausnahme 14 Tage Winterferien).<\/p>\n<p>Jede Woche findet ein 30-min\u00fctiges privates Livecoaching via Videokonferenz statt.<\/p>\n<p><strong>Kurssprache<\/strong> der Privatmodule ist ausschlie\u00dflich <strong>Deutsch<\/strong>.<\/p>\n<p>Jeder Kurs wird nach dessen Ende mit dem darauf folgenden Modulkurs weitergef\u00fchrt.<br \/>\nPrivatkurse der weiteren Module sind in Planung. Die Kosten daf\u00fcr richten sich jeweils nach der Kursdauer. Weitere Infos folgen.<br \/>\nDie Schulung kann nach einem Modul unterbrochen und sp\u00e4ter weitergef\u00fchrt werden.<br \/>\nJeder Sch\u00fcler hat w\u00e4hrend der Ausbildung automatisch Zugriff auf unser Witchbook. Es handelt sich hierbei um unser virtuelles Klassenzimmer bzw. unsere absolut private Hexengemeinschaft. Im Witchbook kannst du mit deinen Kolleginnen und Kollegen die unterschiedlichsten Hexenthemen besprechen, ihr tauscht Erfahrungen aus, besprecht Probleme, schlie\u00dft Freundschaften und zu manchen Ereignissen unternehmen wir einfach etwas virtuell gemeinsam.<\/p>\n<p>Die Hexenschule kannst du v\u00f6llig <strong>ortsunabh\u00e4ngig<\/strong> und <strong>weltweit<\/strong> absolvieren. Es ist nicht notwendig nach Klagenfurt zu reisen!<\/p>\n","protected":false},"excerpt":{"rendered":"<p>Privatmodule f\u00fcr dich alleine: &nbsp; Seit 2022 bietet die Hexenschule das erste Modul als individuellen Einzelkurs an, der jederzeit begonnen werden kann und w\u00e4hrend dem die\/der Studierende w\u00f6chentlich via Live-Meeting online gecoacht wird. Der Kursbeginn wird bei dieser Schulungsvariante individuell festgelegt. Ab Schulungsbeginn erh\u00e4lt die\/der TeilnehmerIn w\u00f6chentliche Aufgaben und \u00dcbungen&#8230;<\/p>\n<p> <a class=\"continue-reading-link\" href=\"https:\/\/www.hexen-schule.at\/en\/individualausbildung\/\"><span>Continue reading<\/span><i class=\"crycon-right-dir\"><\/i><\/a> <\/p>\n","protected":false},"author":2,"featured_media":0,"parent":0,"menu_order":0,"comment_status":"closed","ping_status":"closed","template":"","meta":{"footnotes":""},"class_list":["post-1047","page","type-page","status-publish","hentry"],"translation":{"provider":"WPGlobus","version":"3.0.2","language":"en","enabled_languages":["de","en"],"languages":{"de":{"title":true,"content":true,"excerpt":false},"en":{"title":false,"content":false,"excerpt":false}}},"yoast_head":"<!-- This site is optimized with the Yoast SEO plugin v27.3 - https:\/\/yoast.com\/product\/yoast-seo-wordpress\/ -->\n<title>Hexenschule - Die Ausbildung zur Hexe: Modulsystem, Klassenzimmer, ...<\/title>\n<meta name=\"robots\" content=\"index, follow, max-snippet:-1, max-image-preview:large, max-video-preview:-1\" \/>\n<link rel=\"canonical\" href=\"https:\/\/www.hexen-schule.at\/individualausbildung\/\" \/>\n<meta property=\"og:locale\" content=\"en_US\" \/>\n<meta property=\"og:type\" content=\"article\" \/>\n<meta property=\"og:title\" content=\"Individualausbildung -\" \/>\n<meta property=\"og:url\" content=\"https:\/\/www.hexen-schule.at\/individualausbildung\/\" \/>\n<meta property=\"article:publisher\" content=\"https:\/\/www.facebook.com\/hexenschule.culstar\/\" \/>\n<meta property=\"article:modified_time\" content=\"2022-02-20T18:22:15+00:00\" \/>\n<meta property=\"og:image\" content=\"https:\/\/www.hexen-schule.at\/wp-content\/uploads\/2022\/02\/virtual-learning-1.jpg\" \/>\n<meta name=\"twitter:card\" content=\"summary_large_image\" \/>\n<meta name=\"twitter:site\" content=\"@Hexenschule_eu\" \/>\n<meta name=\"twitter:label1\" content=\"Est. reading time\" \/>\n\t<meta name=\"twitter:data1\" content=\"2 minutes\" \/>\n<script type=\"application\/ld+json\" class=\"yoast-schema-graph\">{\"@context\":\"https:\\\/\\\/schema.org\",\"@graph\":[{\"@type\":\"WebPage\",\"@id\":\"https:\\\/\\\/www.hexen-schule.at\\\/individualausbildung\\\/\",\"url\":\"https:\\\/\\\/www.hexen-schule.at\\\/individualausbildung\\\/\",\"name\":\"Hexenschule - Die Ausbildung zur Hexe: Modulsystem, Klassenzimmer, ...\",\"isPartOf\":{\"@id\":\"https:\\\/\\\/www.hexen-schule.at\\\/#website\"},\"primaryImageOfPage\":{\"@id\":\"https:\\\/\\\/www.hexen-schule.at\\\/individualausbildung\\\/#primaryimage\"},\"image\":{\"@id\":\"https:\\\/\\\/www.hexen-schule.at\\\/individualausbildung\\\/#primaryimage\"},\"thumbnailUrl\":\"https:\\\/\\\/www.hexen-schule.at\\\/wp-content\\\/uploads\\\/2022\\\/02\\\/virtual-learning-1.jpg\",\"datePublished\":\"2022-02-20T10:00:34+00:00\",\"dateModified\":\"2022-02-20T18:22:15+00:00\",\"description\":\"Hier erf\u00e4hrst du mehr \u00fcber die Ausbildung in der Hexenschule. Wie laufen die Kurse ab, was beinhaltet ein Kurs, wie funktioniert das alles\",\"breadcrumb\":{\"@id\":\"https:\\\/\\\/www.hexen-schule.at\\\/individualausbildung\\\/#breadcrumb\"},\"inLanguage\":\"en-US\",\"potentialAction\":[{\"@type\":\"ReadAction\",\"target\":[\"https:\\\/\\\/www.hexen-schule.at\\\/individualausbildung\\\/\"]}]},{\"@type\":\"ImageObject\",\"inLanguage\":\"en-US\",\"@id\":\"https:\\\/\\\/www.hexen-schule.at\\\/individualausbildung\\\/#primaryimage\",\"url\":\"https:\\\/\\\/www.hexen-schule.at\\\/wp-content\\\/uploads\\\/2022\\\/02\\\/virtual-learning-1.jpg\",\"contentUrl\":\"https:\\\/\\\/www.hexen-schule.at\\\/wp-content\\\/uploads\\\/2022\\\/02\\\/virtual-learning-1.jpg\"},{\"@type\":\"BreadcrumbList\",\"@id\":\"https:\\\/\\\/www.hexen-schule.at\\\/individualausbildung\\\/#breadcrumb\",\"itemListElement\":[{\"@type\":\"ListItem\",\"position\":1,\"name\":\"Startseite\",\"item\":\"https:\\\/\\\/www.hexen-schule.at\\\/\"},{\"@type\":\"ListItem\",\"position\":2,\"name\":\"Individualausbildung\"}]},{\"@type\":\"WebSite\",\"@id\":\"https:\\\/\\\/www.hexen-schule.at\\\/#website\",\"url\":\"https:\\\/\\\/www.hexen-schule.at\\\/\",\"name\":\"\",\"description\":\"\",\"publisher\":{\"@id\":\"https:\\\/\\\/www.hexen-schule.at\\\/#organization\"},\"potentialAction\":[{\"@type\":\"SearchAction\",\"target\":{\"@type\":\"EntryPoint\",\"urlTemplate\":\"https:\\\/\\\/www.hexen-schule.at\\\/?s={search_term_string}\"},\"query-input\":{\"@type\":\"PropertyValueSpecification\",\"valueRequired\":true,\"valueName\":\"search_term_string\"}}],\"inLanguage\":\"en-US\"},{\"@type\":\"Organization\",\"@id\":\"https:\\\/\\\/www.hexen-schule.at\\\/#organization\",\"name\":\"Die Hexenschule\",\"url\":\"https:\\\/\\\/www.hexen-schule.at\\\/\",\"logo\":{\"@type\":\"ImageObject\",\"inLanguage\":\"en-US\",\"@id\":\"https:\\\/\\\/www.hexen-schule.at\\\/#\\\/schema\\\/logo\\\/image\\\/\",\"url\":\"https:\\\/\\\/www.hexen-schule.at\\\/wp-content\\\/uploads\\\/2018\\\/10\\\/hexenschule.png\",\"contentUrl\":\"https:\\\/\\\/www.hexen-schule.at\\\/wp-content\\\/uploads\\\/2018\\\/10\\\/hexenschule.png\",\"width\":380,\"height\":162,\"caption\":\"Die Hexenschule\"},\"image\":{\"@id\":\"https:\\\/\\\/www.hexen-schule.at\\\/#\\\/schema\\\/logo\\\/image\\\/\"},\"sameAs\":[\"https:\\\/\\\/www.facebook.com\\\/hexenschule.culstar\\\/\",\"https:\\\/\\\/x.com\\\/Hexenschule_eu\"]}]}<\/script>\n<!-- \/ Yoast SEO plugin. -->","yoast_head_json":{"title":"Hexenschule - Die Ausbildung zur Hexe: Modulsystem, Klassenzimmer, ...","robots":{"index":"index","follow":"follow","max-snippet":"max-snippet:-1","max-image-preview":"max-image-preview:large","max-video-preview":"max-video-preview:-1"},"canonical":"https:\/\/www.hexen-schule.at\/individualausbildung\/","og_locale":"en_US","og_type":"article","og_title":"Individualausbildung -","og_url":"https:\/\/www.hexen-schule.at\/individualausbildung\/","article_publisher":"https:\/\/www.facebook.com\/hexenschule.culstar\/","article_modified_time":"2022-02-20T18:22:15+00:00","og_image":[{"url":"https:\/\/www.hexen-schule.at\/wp-content\/uploads\/2022\/02\/virtual-learning-1.jpg","type":"","width":"","height":""}],"twitter_card":"summary_large_image","twitter_site":"@Hexenschule_eu","twitter_misc":{"Est. reading time":"2 minutes"},"schema":{"@context":"https:\/\/schema.org","@graph":[{"@type":"WebPage","@id":"https:\/\/www.hexen-schule.at\/individualausbildung\/","url":"https:\/\/www.hexen-schule.at\/individualausbildung\/","name":"Hexenschule - Die Ausbildung zur Hexe: Modulsystem, Klassenzimmer, ...","isPartOf":{"@id":"https:\/\/www.hexen-schule.at\/#website"},"primaryImageOfPage":{"@id":"https:\/\/www.hexen-schule.at\/individualausbildung\/#primaryimage"},"image":{"@id":"https:\/\/www.hexen-schule.at\/individualausbildung\/#primaryimage"},"thumbnailUrl":"https:\/\/www.hexen-schule.at\/wp-content\/uploads\/2022\/02\/virtual-learning-1.jpg","datePublished":"2022-02-20T10:00:34+00:00","dateModified":"2022-02-20T18:22:15+00:00","description":"Hier erf\u00e4hrst du mehr \u00fcber die Ausbildung in der Hexenschule. Wie laufen die Kurse ab, was beinhaltet ein Kurs, wie funktioniert das alles","breadcrumb":{"@id":"https:\/\/www.hexen-schule.at\/individualausbildung\/#breadcrumb"},"inLanguage":"en-US","potentialAction":[{"@type":"ReadAction","target":["https:\/\/www.hexen-schule.at\/individualausbildung\/"]}]},{"@type":"ImageObject","inLanguage":"en-US","@id":"https:\/\/www.hexen-schule.at\/individualausbildung\/#primaryimage","url":"https:\/\/www.hexen-schule.at\/wp-content\/uploads\/2022\/02\/virtual-learning-1.jpg","contentUrl":"https:\/\/www.hexen-schule.at\/wp-content\/uploads\/2022\/02\/virtual-learning-1.jpg"},{"@type":"BreadcrumbList","@id":"https:\/\/www.hexen-schule.at\/individualausbildung\/#breadcrumb","itemListElement":[{"@type":"ListItem","position":1,"name":"Startseite","item":"https:\/\/www.hexen-schule.at\/"},{"@type":"ListItem","position":2,"name":"Individualausbildung"}]},{"@type":"WebSite","@id":"https:\/\/www.hexen-schule.at\/#website","url":"https:\/\/www.hexen-schule.at\/","name":"","description":"","publisher":{"@id":"https:\/\/www.hexen-schule.at\/#organization"},"potentialAction":[{"@type":"SearchAction","target":{"@type":"EntryPoint","urlTemplate":"https:\/\/www.hexen-schule.at\/?s={search_term_string}"},"query-input":{"@type":"PropertyValueSpecification","valueRequired":true,"valueName":"search_term_string"}}],"inLanguage":"en-US"},{"@type":"Organization","@id":"https:\/\/www.hexen-schule.at\/#organization","name":"Die Hexenschule","url":"https:\/\/www.hexen-schule.at\/","logo":{"@type":"ImageObject","inLanguage":"en-US","@id":"https:\/\/www.hexen-schule.at\/#\/schema\/logo\/image\/","url":"https:\/\/www.hexen-schule.at\/wp-content\/uploads\/2018\/10\/hexenschule.png","contentUrl":"https:\/\/www.hexen-schule.at\/wp-content\/uploads\/2018\/10\/hexenschule.png","width":380,"height":162,"caption":"Die Hexenschule"},"image":{"@id":"https:\/\/www.hexen-schule.at\/#\/schema\/logo\/image\/"},"sameAs":["https:\/\/www.facebook.com\/hexenschule.culstar\/","https:\/\/x.com\/Hexenschule_eu"]}]}},"_links":{"self":[{"href":"https:\/\/www.hexen-schule.at\/en\/wp-json\/wp\/v2\/pages\/1047","targetHints":{"allow":["GET"]}}],"collection":[{"href":"https:\/\/www.hexen-schule.at\/en\/wp-json\/wp\/v2\/pages"}],"about":[{"href":"https:\/\/www.hexen-schule.at\/en\/wp-json\/wp\/v2\/types\/page"}],"author":[{"embeddable":true,"href":"https:\/\/www.hexen-schule.at\/en\/wp-json\/wp\/v2\/users\/2"}],"replies":[{"embeddable":true,"href":"https:\/\/www.hexen-schule.at\/en\/wp-json\/wp\/v2\/comments?post=1047"}],"version-history":[{"count":14,"href":"https:\/\/www.hexen-schule.at\/en\/wp-json\/wp\/v2\/pages\/1047\/revisions"}],"predecessor-version":[{"id":1064,"href":"https:\/\/www.hexen-schule.at\/en\/wp-json\/wp\/v2\/pages\/1047\/revisions\/1064"}],"wp:attachment":[{"href":"https:\/\/www.hexen-schule.at\/en\/wp-json\/wp\/v2\/media?parent=1047"}],"curies":[{"name":"wp","href":"https:\/\/api.w.org\/{rel}","templated":true}]}}